{"id":252674,"date":"2025-07-29T15:05:48","date_gmt":"2025-07-29T15:05:48","guid":{"rendered":"https:\/\/vita.gabstudio.cr\/?page_id=252674"},"modified":"2025-07-31T17:03:41","modified_gmt":"2025-07-31T17:03:41","slug":"fisiatria-2","status":"publish","type":"page","link":"https:\/\/vitamas.cr\/?page_id=252674","title":{"rendered":"Fisiatr\u00eda"},"content":{"rendered":"<p>[et_pb_section fb_built=\u00bb1&#8243; admin_label=\u00bbHero\u00bb _builder_version=\u00bb4.27.4&#8243; custom_margin_tablet=\u00bb100px||||false|false\u00bb custom_margin_phone=\u00bb100px||||false|false\u00bb custom_margin_last_edited=\u00bbon|tablet\u00bb custom_padding=\u00bb0|0px|54px|0px|false|false\u00bb bottom_divider_height=\u00bb0px\u00bb border_width_bottom=\u00bb1px\u00bb border_color_bottom=\u00bb#efefef\u00bb global_colors_info=\u00bb{}\u00bb][et_pb_row column_structure=\u00bb1_2,1_2&#8243; module_class=\u00bbinvertir-columnas\u00bb _builder_version=\u00bb4.27.4&#8243; width=\u00bb100%\u00bb max_width=\u00bb100%\u00bb custom_margin=\u00bb|||\u00bb custom_margin_tablet=\u00bb||0px|\u00bb custom_margin_phone=\u00bb\u00bb custom_margin_last_edited=\u00bbon|desktop\u00bb custom_padding=\u00bb0|0px|27px|0px|false|false\u00bb custom_css_free_form=\u00bb@media (max-width: 980px) {||  .invertir-columnas {||    display: flex;||    flex-direction: column-reverse;||  }||}\u00bb border_color_all=\u00bb#528540&#8243; use_custom_width=\u00bbon\u00bb width_unit=\u00bboff\u00bb custom_width_percent=\u00bb100%\u00bb global_colors_info=\u00bb{}\u00bb][et_pb_column type=\u00bb1_2&#8243; _builder_version=\u00bb4.27.4&#8243; custom_padding=\u00bb10%||6%|12%|false|false\u00bb custom_padding_tablet=\u00bb50px|50px|50px|50px\u00bb custom_padding_phone=\u00bb50px|50px|50px|50px\u00bb custom_padding_last_edited=\u00bbon|tablet\u00bb pac_dcm_carousel_specific_module_num=\u00bb0&#8243; global_colors_info=\u00bb{}\u00bb padding_tablet=\u00bb50px|50px|50px|50px\u00bb padding_last_edited=\u00bbon|tablet\u00bb custom_padding__hover=\u00bb|||\u00bb padding_phone=\u00bb50px|50px|50px|50px\u00bb][et_pb_text _builder_version=\u00bb4.27.4&#8243; text_font=\u00bb&#8211;et_global_body_font|300|||||||\u00bb text_text_color=\u00bb#677a92&#8243; header_font=\u00bb&#8211;et_global_body_font||||||||\u00bb header_font_size=\u00bb50px\u00bb header_line_height=\u00bb1.3em\u00bb header_2_font=\u00bb||||||||\u00bb max_width=\u00bb600px\u00bb custom_margin=\u00bb|||\u00bb custom_margin_tablet=\u00bb0px|50px||50px\u00bb custom_margin_phone=\u00bb|20px||\u00bb custom_margin_last_edited=\u00bboff|desktop\u00bb custom_padding=\u00bb|||\u00bb text_line_height_tablet=\u00bb1.8em\u00bb text_line_height_phone=\u00bb1.8em\u00bb text_line_height_last_edited=\u00bbon|phone\u00bb header_font_size_tablet=\u00bb\u00bb header_font_size_phone=\u00bb36px\u00bb header_font_size_last_edited=\u00bbon|phone\u00bb header_2_font_size_phone=\u00bb30px\u00bb header_2_font_size_last_edited=\u00bboff|desktop\u00bb locked=\u00bboff\u00bb global_colors_info=\u00bb{}\u00bb]<\/p>\n<h1 class=\"et_pb_module_header\">Fisiatr\u00eda<\/h1>\n<p>[\/et_pb_text][et_pb_text _builder_version=\u00bb4.27.4&#8243; text_font=\u00bb&#8211;et_global_body_font|300|||||||\u00bb text_text_color=\u00bb#000000&#8243; text_line_height=\u00bb2em\u00bb link_font=\u00bb||||||||\u00bb ul_font=\u00bb||||||||\u00bb ol_font=\u00bb||||||||\u00bb quote_font=\u00bb||||||||\u00bb header_font=\u00bb||||||||\u00bb header_2_font=\u00bbMontserrat|300|||||||\u00bb header_2_text_color=\u00bb#212d3b\u00bb header_2_font_size=\u00bb40px\u00bb header_2_line_height=\u00bb1.5em\u00bb max_width=\u00bb600px\u00bb custom_margin=\u00bb|||\u00bb custom_margin_tablet=\u00bb0px|50px||50px\u00bb custom_margin_last_edited=\u00bboff|desktop\u00bb custom_padding=\u00bb|||\u00bb locked=\u00bboff\u00bb global_colors_info=\u00bb{}\u00bb]<\/p>\n<p>Mejoramos tu funcionalidad y calidad de vida mediante un abordaje m\u00e9dico integral del movimiento. Valoramos cada caso y aplicamos tratamientos como infiltraciones, control del dolor cr\u00f3nico y espasticidad, as\u00ed como prescripci\u00f3n de \u00f3rtesis y programas de rehabilitaci\u00f3n personalizados.<\/p>\n<p>[\/et_pb_text][et_pb_text _builder_version=\u00bb4.27.4&#8243; text_font=\u00bb&#8211;et_global_body_font|300|||||||\u00bb text_text_color=\u00bb#000000&#8243; text_line_height=\u00bb2em\u00bb link_font=\u00bb||||||||\u00bb ul_font=\u00bb||||||||\u00bb ol_font=\u00bb||||||||\u00bb quote_font=\u00bb||||||||\u00bb header_font=\u00bb||||||||\u00bb header_2_font=\u00bbMontserrat|300|||||||\u00bb header_2_text_color=\u00bb#212d3b\u00bb header_2_font_size=\u00bb40px\u00bb header_2_line_height=\u00bb1.5em\u00bb max_width=\u00bb600px\u00bb custom_margin=\u00bb|||\u00bb custom_margin_tablet=\u00bb0px|50px||50px\u00bb custom_margin_last_edited=\u00bboff|desktop\u00bb custom_padding=\u00bb|||\u00bb locked=\u00bboff\u00bb global_colors_info=\u00bb{}\u00bb]<\/p>\n<ul>\n<li data-start=\"1185\" data-end=\"1209\">\n<p data-start=\"1187\" data-end=\"1209\">Valoraci\u00f3n funcional<\/p>\n<\/li>\n<li data-start=\"1210\" data-end=\"1240\">\n<p data-start=\"1212\" data-end=\"1240\">Infiltraciones articulares<\/p>\n<\/li>\n<li data-start=\"1241\" data-end=\"1269\">\n<p data-start=\"1243\" data-end=\"1269\">Manejo del dolor cr\u00f3nico<\/p>\n<\/li>\n<li data-start=\"1270\" data-end=\"1315\">\n<p data-start=\"1272\" data-end=\"1315\">Prescripci\u00f3n de \u00f3rtesis y ayudas t\u00e9cnicas<\/p>\n<\/li>\n<li data-start=\"1316\" data-end=\"1364\">\n<p data-start=\"1318\" data-end=\"1364\">Rehabilitaci\u00f3n y tratamiento de espasticidad<\/p>\n<\/li>\n<\/ul>\n<p>[\/et_pb_text][et_pb_button button_url=\u00bbhttps:\/\/api.whatsapp.com\/send\/?phone=50640203131&#038;text&#038;type=phone_number&#038;app_absent=0&#8243; button_text=\u00bbContact\u00e1ctanos\u00bb button_alignment=\u00bbleft\u00bb _builder_version=\u00bb4.27.4&#8243; button_text_size=\u00bb14px\u00bb button_bg_color=\u00bb#528540&#8243; button_border_width=\u00bb16px\u00bb button_border_color=\u00bb#528540&#8243; button_border_radius=\u00bb100px\u00bb button_letter_spacing=\u00bb1px\u00bb button_font=\u00bbMontserrat|500|||||||\u00bb background_layout=\u00bbdark\u00bb custom_margin=\u00bb|||\u00bb custom_padding=\u00bb|||\u00bb hover_enabled=\u00bb0&#8243; locked=\u00bboff\u00bb global_colors_info=\u00bb{}\u00bb button_text_size__hover_enabled=\u00bboff\u00bb button_one_text_size__hover_enabled=\u00bboff\u00bb button_two_text_size__hover_enabled=\u00bboff\u00bb button_text_color__hover_enabled=\u00bbon|hover\u00bb button_one_text_color__hover_enabled=\u00bboff\u00bb button_two_text_color__hover_enabled=\u00bboff\u00bb button_border_width__hover_enabled=\u00bbon|desktop\u00bb button_one_border_width__hover_enabled=\u00bboff\u00bb button_two_border_width__hover_enabled=\u00bboff\u00bb button_border_color__hover_enabled=\u00bbon|desktop\u00bb button_one_border_color__hover_enabled=\u00bboff\u00bb button_two_border_color__hover_enabled=\u00bboff\u00bb button_border_radius__hover_enabled=\u00bboff\u00bb button_one_border_radius__hover_enabled=\u00bboff\u00bb button_two_border_radius__hover_enabled=\u00bboff\u00bb button_letter_spacing__hover_enabled=\u00bboff\u00bb button_one_letter_spacing__hover_enabled=\u00bboff\u00bb button_two_letter_spacing__hover_enabled=\u00bboff\u00bb button_bg_color__hover_enabled=\u00bbon|desktop\u00bb button_one_bg_color__hover_enabled=\u00bboff\u00bb button_two_bg_color__hover_enabled=\u00bboff\u00bb button_border_color__hover=\u00bb#F28705&#8243; button_bg_color__hover=\u00bb#F28705&#8243; button_bg_enable_color__hover=\u00bbon\u00bb button_border_width__hover=\u00bb16px\u00bb sticky_enabled=\u00bb0&#8243;][\/et_pb_button][\/et_pb_column][et_pb_column type=\u00bb1_2&#8243; _builder_version=\u00bb4.27.4&#8243; pac_dcm_carousel_specific_module_num=\u00bb0&#8243; global_colors_info=\u00bb{}\u00bb][et_pb_image src=\u00bbhttps:\/\/vita.gabstudio.cr\/wp-content\/uploads\/2025\/07\/Fisiatria-scaled-e1753801393245.jpg\u00bb title_text=\u00bbFisiatr\u00eda\u00bb admin_label=\u00bbImagen\u00bb _builder_version=\u00bb4.27.4&#8243; border_radii=\u00bboff||||500px\u00bb border_width_left=\u00bb33px\u00bb border_color_left=\u00bb#528540&#8243; global_colors_info=\u00bb{}\u00bb][\/et_pb_image][\/et_pb_column][\/et_pb_row][\/et_pb_section]<\/p>\n","protected":false},"excerpt":{"rendered":"<p>Fisiatr\u00edaMejoramos tu funcionalidad y calidad de vida mediante un abordaje m\u00e9dico integral del movimiento. Valoramos cada caso y aplicamos tratamientos como infiltraciones, control del dolor cr\u00f3nico y espasticidad, as\u00ed como prescripci\u00f3n de \u00f3rtesis y programas de rehabilitaci\u00f3n personalizados. Valoraci\u00f3n funcional Infiltraciones articulares Manejo del dolor cr\u00f3nico Prescripci\u00f3n de \u00f3rtesis y ayudas t\u00e9cnicas Rehabilitaci\u00f3n y tratamiento [&hellip;]<\/p>\n","protected":false},"author":1,"featured_media":0,"parent":0,"menu_order":0,"comment_status":"closed","ping_status":"closed","template":"","meta":{"_et_pb_use_builder":"on","_et_pb_old_content":"","_et_gb_content_width":"","footnotes":""},"class_list":["post-252674","page","type-page","status-publish","hentry"],"_links":{"self":[{"href":"https:\/\/vitamas.cr\/index.php?rest_route=\/wp\/v2\/pages\/252674","targetHints":{"allow":["GET"]}}],"collection":[{"href":"https:\/\/vitamas.cr\/index.php?rest_route=\/wp\/v2\/pages"}],"about":[{"href":"https:\/\/vitamas.cr\/index.php?rest_route=\/wp\/v2\/types\/page"}],"author":[{"embeddable":true,"href":"https:\/\/vitamas.cr\/index.php?rest_route=\/wp\/v2\/users\/1"}],"replies":[{"embeddable":true,"href":"https:\/\/vitamas.cr\/index.php?rest_route=%2Fwp%2Fv2%2Fcomments&post=252674"}],"version-history":[{"count":5,"href":"https:\/\/vitamas.cr\/index.php?rest_route=\/wp\/v2\/pages\/252674\/revisions"}],"predecessor-version":[{"id":252829,"href":"https:\/\/vitamas.cr\/index.php?rest_route=\/wp\/v2\/pages\/252674\/revisions\/252829"}],"wp:attachment":[{"href":"https:\/\/vitamas.cr\/index.php?rest_route=%2Fwp%2Fv2%2Fmedia&parent=252674"}],"curies":[{"name":"wp","href":"https:\/\/api.w.org\/{rel}","templated":true}]}}