{"id":252700,"date":"2025-07-29T15:17:28","date_gmt":"2025-07-29T15:17:28","guid":{"rendered":"https:\/\/vita.gabstudio.cr\/?page_id=252700"},"modified":"2025-07-31T17:04:59","modified_gmt":"2025-07-31T17:04:59","slug":"odontologia-2","status":"publish","type":"page","link":"https:\/\/vitamas.cr\/?page_id=252700","title":{"rendered":"Odontolog\u00eda"},"content":{"rendered":"<p>[et_pb_section fb_built=\u00bb1&#8243; admin_label=\u00bbHero\u00bb _builder_version=\u00bb4.27.4&#8243; custom_margin_tablet=\u00bb100px||||false|false\u00bb custom_margin_phone=\u00bb100px||||false|false\u00bb custom_margin_last_edited=\u00bbon|phone\u00bb custom_padding=\u00bb0|0px|54px|0px|false|false\u00bb bottom_divider_height=\u00bb0px\u00bb border_width_bottom=\u00bb1px\u00bb border_color_bottom=\u00bb#efefef\u00bb global_colors_info=\u00bb{}\u00bb][et_pb_row column_structure=\u00bb1_2,1_2&#8243; module_class=\u00bbinvertir-columnas\u00bb _builder_version=\u00bb4.27.4&#8243; width=\u00bb100%\u00bb max_width=\u00bb100%\u00bb custom_margin=\u00bb|||\u00bb custom_margin_tablet=\u00bb||0px|\u00bb custom_margin_phone=\u00bb\u00bb custom_margin_last_edited=\u00bbon|desktop\u00bb custom_padding=\u00bb0|0px|27px|0px|false|false\u00bb custom_css_free_form=\u00bb@media (max-width: 980px) {||  .invertir-columnas {||    display: flex;||    flex-direction: column-reverse;||  }||}\u00bb border_color_all=\u00bb#528540&#8243; use_custom_width=\u00bbon\u00bb width_unit=\u00bboff\u00bb custom_width_percent=\u00bb100%\u00bb global_colors_info=\u00bb{}\u00bb][et_pb_column type=\u00bb1_2&#8243; _builder_version=\u00bb4.27.4&#8243; custom_padding=\u00bb10%||6%|12%|false|false\u00bb custom_padding_tablet=\u00bb50px|50px|50px|50px\u00bb custom_padding_phone=\u00bb50px|50px|50px|50px\u00bb custom_padding_last_edited=\u00bbon|tablet\u00bb pac_dcm_carousel_specific_module_num=\u00bb0&#8243; global_colors_info=\u00bb{}\u00bb padding_tablet=\u00bb50px|50px|50px|50px\u00bb padding_last_edited=\u00bbon|tablet\u00bb custom_padding__hover=\u00bb|||\u00bb padding_phone=\u00bb50px|50px|50px|50px\u00bb][et_pb_text _builder_version=\u00bb4.27.4&#8243; text_font=\u00bb&#8211;et_global_body_font|300|||||||\u00bb text_text_color=\u00bb#677a92&#8243; header_font=\u00bb&#8211;et_global_body_font||||||||\u00bb header_font_size=\u00bb50px\u00bb header_line_height=\u00bb1.3em\u00bb header_2_font=\u00bb||||||||\u00bb max_width=\u00bb600px\u00bb custom_margin=\u00bb|||\u00bb custom_margin_tablet=\u00bb0px|50px||50px\u00bb custom_margin_phone=\u00bb|20px||\u00bb custom_margin_last_edited=\u00bboff|desktop\u00bb custom_padding=\u00bb|||\u00bb text_line_height_tablet=\u00bb1.8em\u00bb text_line_height_phone=\u00bb1.8em\u00bb text_line_height_last_edited=\u00bbon|phone\u00bb header_font_size_tablet=\u00bb\u00bb header_font_size_phone=\u00bb\u00bb header_font_size_last_edited=\u00bbon|phone\u00bb header_2_font_size_phone=\u00bb30px\u00bb header_2_font_size_last_edited=\u00bboff|desktop\u00bb locked=\u00bboff\u00bb global_colors_info=\u00bb{}\u00bb]<\/p>\n<h1 class=\"et_pb_module_header\">Odontolog\u00eda<\/h1>\n<p>[\/et_pb_text][et_pb_text _builder_version=\u00bb4.27.4&#8243; text_font=\u00bb&#8211;et_global_body_font|300|||||||\u00bb text_text_color=\u00bb#000000&#8243; text_line_height=\u00bb2em\u00bb link_font=\u00bb||||||||\u00bb ul_font=\u00bb||||||||\u00bb ol_font=\u00bb||||||||\u00bb quote_font=\u00bb||||||||\u00bb header_font=\u00bb||||||||\u00bb header_2_font=\u00bbMontserrat|300|||||||\u00bb header_2_text_color=\u00bb#212d3b\u00bb header_2_font_size=\u00bb40px\u00bb header_2_line_height=\u00bb1.5em\u00bb max_width=\u00bb600px\u00bb custom_margin=\u00bb|||\u00bb custom_margin_tablet=\u00bb0px|50px||50px\u00bb custom_margin_last_edited=\u00bboff|desktop\u00bb custom_padding=\u00bb|||\u00bb locked=\u00bboff\u00bb global_colors_info=\u00bb{}\u00bb]<\/p>\n<p data-start=\"4321\" data-end=\"4523\">Cuidamos tu sonrisa con atenci\u00f3n dental completa. Desde limpiezas y restauraciones hasta urgencias y educaci\u00f3n en higiene oral. Contamos con radiograf\u00edas y tratamientos est\u00e9ticos como el blanqueamiento.<\/p>\n<p>[\/et_pb_text][et_pb_text _builder_version=\u00bb4.27.4&#8243; text_font=\u00bb&#8211;et_global_body_font|300|||||||\u00bb text_text_color=\u00bb#000000&#8243; text_line_height=\u00bb2em\u00bb link_font=\u00bb||||||||\u00bb ul_font=\u00bb||||||||\u00bb ol_font=\u00bb||||||||\u00bb quote_font=\u00bb||||||||\u00bb header_font=\u00bb||||||||\u00bb header_2_font=\u00bbMontserrat|300|||||||\u00bb header_2_text_color=\u00bb#212d3b\u00bb header_2_font_size=\u00bb40px\u00bb header_2_line_height=\u00bb1.5em\u00bb max_width=\u00bb600px\u00bb custom_margin=\u00bb|||\u00bb custom_margin_tablet=\u00bb0px|50px||50px\u00bb custom_margin_last_edited=\u00bboff|desktop\u00bb custom_padding=\u00bb|||\u00bb locked=\u00bboff\u00bb global_colors_info=\u00bb{}\u00bb]<\/p>\n<ul>\n<li data-start=\"4546\" data-end=\"4589\">\n<p data-start=\"4548\" data-end=\"4589\">Limpieza dental y tratamiento de caries<\/p>\n<\/li>\n<li data-start=\"4590\" data-end=\"4623\">\n<p data-start=\"4592\" data-end=\"4623\">Restauraciones y extracciones<\/p>\n<\/li>\n<li data-start=\"4624\" data-end=\"4657\">\n<p data-start=\"4626\" data-end=\"4657\">Radiograf\u00edas y blanqueamiento<\/p>\n<\/li>\n<li data-start=\"4658\" data-end=\"4685\">\n<p data-start=\"4660\" data-end=\"4685\">Urgencias odontol\u00f3gicas<\/p>\n<\/li>\n<li data-start=\"4686\" data-end=\"4715\">\n<p data-start=\"4688\" data-end=\"4715\">Educaci\u00f3n en higiene oral<\/p>\n<\/li>\n<\/ul>\n<p>[\/et_pb_text][et_pb_button button_url=\u00bbhttps:\/\/api.whatsapp.com\/send\/?phone=50640203131&#038;text&#038;type=phone_number&#038;app_absent=0&#8243; button_text=\u00bbContact\u00e1ctanos\u00bb button_alignment=\u00bbleft\u00bb _builder_version=\u00bb4.27.4&#8243; button_text_size=\u00bb14px\u00bb button_bg_color=\u00bb#528540&#8243; button_border_width=\u00bb16px\u00bb button_border_color=\u00bb#528540&#8243; button_border_radius=\u00bb100px\u00bb button_letter_spacing=\u00bb1px\u00bb button_font=\u00bbMontserrat|500|||||||\u00bb background_layout=\u00bbdark\u00bb custom_margin=\u00bb|||\u00bb custom_padding=\u00bb|||\u00bb hover_enabled=\u00bb0&#8243; locked=\u00bboff\u00bb global_colors_info=\u00bb{}\u00bb button_text_size__hover_enabled=\u00bboff\u00bb button_one_text_size__hover_enabled=\u00bboff\u00bb button_two_text_size__hover_enabled=\u00bboff\u00bb button_text_color__hover_enabled=\u00bbon|hover\u00bb button_one_text_color__hover_enabled=\u00bboff\u00bb button_two_text_color__hover_enabled=\u00bboff\u00bb button_border_width__hover_enabled=\u00bbon|desktop\u00bb button_one_border_width__hover_enabled=\u00bboff\u00bb button_two_border_width__hover_enabled=\u00bboff\u00bb button_border_color__hover_enabled=\u00bbon|desktop\u00bb button_one_border_color__hover_enabled=\u00bboff\u00bb button_two_border_color__hover_enabled=\u00bboff\u00bb button_border_radius__hover_enabled=\u00bboff\u00bb button_one_border_radius__hover_enabled=\u00bboff\u00bb button_two_border_radius__hover_enabled=\u00bboff\u00bb button_letter_spacing__hover_enabled=\u00bboff\u00bb button_one_letter_spacing__hover_enabled=\u00bboff\u00bb button_two_letter_spacing__hover_enabled=\u00bboff\u00bb button_bg_color__hover_enabled=\u00bbon|desktop\u00bb button_one_bg_color__hover_enabled=\u00bboff\u00bb button_two_bg_color__hover_enabled=\u00bboff\u00bb button_border_color__hover=\u00bb#F28705&#8243; button_bg_color__hover=\u00bb#F28705&#8243; button_bg_enable_color__hover=\u00bbon\u00bb button_border_width__hover=\u00bb16px\u00bb sticky_enabled=\u00bb0&#8243;][\/et_pb_button][\/et_pb_column][et_pb_column type=\u00bb1_2&#8243; _builder_version=\u00bb4.27.4&#8243; pac_dcm_carousel_specific_module_num=\u00bb0&#8243; global_colors_info=\u00bb{}\u00bb][et_pb_image src=\u00bbhttps:\/\/vita.gabstudio.cr\/wp-content\/uploads\/2025\/07\/Odontologia-scaled-e1753802231680.jpg\u00bb title_text=\u00bbOdontolog\u00eda\u00bb admin_label=\u00bbImagen\u00bb _builder_version=\u00bb4.27.4&#8243; border_radii=\u00bboff||||500px\u00bb border_width_left=\u00bb33px\u00bb border_color_left=\u00bb#528540&#8243; global_colors_info=\u00bb{}\u00bb][\/et_pb_image][\/et_pb_column][\/et_pb_row][\/et_pb_section]<\/p>\n","protected":false},"excerpt":{"rendered":"<p>Odontolog\u00edaCuidamos tu sonrisa con atenci\u00f3n dental completa. Desde limpiezas y restauraciones hasta urgencias y educaci\u00f3n en higiene oral. Contamos con radiograf\u00edas y tratamientos est\u00e9ticos como el blanqueamiento. Limpieza dental y tratamiento de caries Restauraciones y extracciones Radiograf\u00edas y blanqueamiento Urgencias odontol\u00f3gicas Educaci\u00f3n en higiene oral<\/p>\n","protected":false},"author":1,"featured_media":0,"parent":0,"menu_order":0,"comment_status":"closed","ping_status":"closed","template":"","meta":{"_et_pb_use_builder":"on","_et_pb_old_content":"","_et_gb_content_width":"","footnotes":""},"class_list":["post-252700","page","type-page","status-publish","hentry"],"_links":{"self":[{"href":"https:\/\/vitamas.cr\/index.php?rest_route=\/wp\/v2\/pages\/252700","targetHints":{"allow":["GET"]}}],"collection":[{"href":"https:\/\/vitamas.cr\/index.php?rest_route=\/wp\/v2\/pages"}],"about":[{"href":"https:\/\/vitamas.cr\/index.php?rest_route=\/wp\/v2\/types\/page"}],"author":[{"embeddable":true,"href":"https:\/\/vitamas.cr\/index.php?rest_route=\/wp\/v2\/users\/1"}],"replies":[{"embeddable":true,"href":"https:\/\/vitamas.cr\/index.php?rest_route=%2Fwp%2Fv2%2Fcomments&post=252700"}],"version-history":[{"count":8,"href":"https:\/\/vitamas.cr\/index.php?rest_route=\/wp\/v2\/pages\/252700\/revisions"}],"predecessor-version":[{"id":252836,"href":"https:\/\/vitamas.cr\/index.php?rest_route=\/wp\/v2\/pages\/252700\/revisions\/252836"}],"wp:attachment":[{"href":"https:\/\/vitamas.cr\/index.php?rest_route=%2Fwp%2Fv2%2Fmedia&parent=252700"}],"curies":[{"name":"wp","href":"https:\/\/api.w.org\/{rel}","templated":true}]}}